{"id":9,"date":"2022-07-12T15:20:18","date_gmt":"2022-07-12T15:20:18","guid":{"rendered":"https:\/\/mokinba.ms.decms.eu\/?page_id=9"},"modified":"2022-08-02T13:32:59","modified_gmt":"2022-08-02T13:32:59","slug":"mokinba-hotels","status":"publish","type":"page","link":"https:\/\/www.mokinba.it\/de\/","title":{"rendered":"Mokinba Hotels"},"content":{"rendered":"<p>&nbsp;<\/p>\n<p><strong>Mokinba Hotels<\/strong> ist eine italienische Hotelkette mit Hauptsitz in <strong>Mailand<\/strong>. Die Gruppe wurde im November 1990 als ein Projekt gegr\u00fcndet, das darauf abzielte, ein Mail\u00e4nder Hotelzentrum zu errichten, das auf einer soliden Gastgewerbekompetenz basiert.<\/p>\n<p>Der Name setzt sich aus den Anfangssilben der ersten drei gegr\u00fcndeten Hotels zusammen: <strong>Montebianco<\/strong>, <strong>King<\/strong> und <strong>Baviera<\/strong>. Von Anfang an positionierte sich Mokinba Hotels auf dem Markt als Referenzbetrieb dank einer starken Identit\u00e4t, die durch eine sorgf\u00e4ltige und gezielte Marketing- und Kommunikationsaktivit\u00e4t definiert wurde, die das Hotel als einen Ort ansieht, an dem ein breites Spektrum an Dienstleistungen nicht nur f\u00fcr die G\u00e4ste des Hauses, sondern auch f\u00fcr externe G\u00e4ste, die in die Gegend kommen, angeboten wird.<\/p>\n","protected":false},"excerpt":{"rendered":"<p>&nbsp; Mokinba Hotels ist eine italienische Hotelkette mit Hauptsitz in Mailand. Die Gruppe wurde im November 1990 als ein Projekt gegr\u00fcndet, das darauf abzielte, ein Mail\u00e4nder Hotelzentrum zu errichten, das auf einer soliden Gastgewerbekompetenz basiert. Der Name setzt sich aus den Anfangssilben der ersten drei gegr\u00fcndeten Hotels zusammen: Montebianco, King und Baviera. Von Anfang an [&hellip;]<\/p>\n","protected":false},"author":36,"featured_media":0,"parent":0,"menu_order":0,"comment_status":"closed","ping_status":"closed","template":"","meta":{"footnotes":""},"class_list":["post-9","page","type-page","status-publish","hentry"],"yoast_head":"<!-- This site is optimized with the Yoast SEO plugin v26.9 - https:\/\/yoast.com\/product\/yoast-seo-wordpress\/ -->\n<title>Hotel Mokinba - Ihr Hotel der Wahl im Herzen von Mailand<\/title>\n<meta name=\"description\" content=\"&nbsp;  Mokinba Hotels ist eine italienische Hotelkette mit Hauptsitz in Mailand. Die Gruppe wurde im November 1990 als ein Projekt gegr\u00fcndet, das darauf abzielte, ein Mail\u00e4nder Hotelzentrum zu errichten, das auf einer soliden Gastgewerbekompetenz basiert.  Der Name setzt sich aus den Anfangssilben der ersten drei gegr\u00fcndeten Hotels zusammen: Montebianco, King und Baviera\" \/>\n<meta name=\"robots\" content=\"index, follow, max-snippet:-1, max-image-preview:large, max-video-preview:-1\" \/>\n<link rel=\"canonical\" href=\"https:\/\/www.mokinba.it\/de\/\" \/>\n<meta property=\"og:locale\" content=\"de_DE\" \/>\n<meta property=\"og:type\" content=\"article\" \/>\n<meta property=\"og:title\" content=\"Hotel Mokinba - Ihr Hotel der Wahl im Herzen von Mailand\" \/>\n<meta property=\"og:description\" content=\"&nbsp;  Mokinba Hotels ist eine italienische Hotelkette mit Hauptsitz in Mailand. Die Gruppe wurde im November 1990 als ein Projekt gegr\u00fcndet, das darauf abzielte, ein Mail\u00e4nder Hotelzentrum zu errichten, das auf einer soliden Gastgewerbekompetenz basiert.  Der Name setzt sich aus den Anfangssilben der ersten drei gegr\u00fcndeten Hotels zusammen: Montebianco, King und Baviera\" \/>\n<meta property=\"og:url\" content=\"https:\/\/www.mokinba.it\/de\/\" \/>\n<meta property=\"og:site_name\" content=\"Mokinba Hotels\" \/>\n<meta property=\"article:modified_time\" content=\"2022-08-02T13:32:59+00:00\" \/>\n<meta property=\"og:image\" content=\"https:\/\/mokinba.ms.decms.eu\/wp-content\/uploads\/sites\/472\/2022\/07\/hotel_king_gruppo_mokinba_gallery26.jpg\" \/>\n\t<meta property=\"og:image:width\" content=\"1200\" \/>\n\t<meta property=\"og:image:height\" content=\"800\" \/>\n\t<meta property=\"og:image:type\" content=\"image\/jpeg\" \/>\n<meta name=\"twitter:card\" content=\"summary_large_image\" \/>\n<meta name=\"twitter:label1\" content=\"Gesch\u00e4tzte Lesezeit\" \/>\n\t<meta name=\"twitter:data1\" content=\"1 Minute\" \/>\n<script type=\"application\/ld+json\" class=\"yoast-schema-graph\">{\"@context\":\"https:\/\/schema.org\",\"@graph\":[{\"@type\":\"WebPage\",\"@id\":\"https:\/\/www.mokinba.it\/de\/\",\"url\":\"https:\/\/www.mokinba.it\/de\/\",\"name\":\"Hotel Mokinba - Ihr Hotel der Wahl im Herzen von Mailand\",\"isPartOf\":{\"@id\":\"https:\/\/www.mokinba.it\/de\/#website\"},\"datePublished\":\"2022-07-12T15:20:18+00:00\",\"dateModified\":\"2022-08-02T13:32:59+00:00\",\"description\":\"&nbsp; Mokinba Hotels ist eine italienische Hotelkette mit Hauptsitz in Mailand. Die Gruppe wurde im November 1990 als ein Projekt gegr\u00fcndet, das darauf abzielte, ein Mail\u00e4nder Hotelzentrum zu errichten, das auf einer soliden Gastgewerbekompetenz basiert. Der Name setzt sich aus den Anfangssilben der ersten drei gegr\u00fcndeten Hotels zusammen: Montebianco, King und Baviera\",\"breadcrumb\":{\"@id\":\"https:\/\/www.mokinba.it\/de\/#breadcrumb\"},\"inLanguage\":\"de-DE\",\"potentialAction\":[{\"@type\":\"ReadAction\",\"target\":[\"https:\/\/www.mokinba.it\/de\/\"]}]},{\"@type\":\"BreadcrumbList\",\"@id\":\"https:\/\/www.mokinba.it\/de\/#breadcrumb\",\"itemListElement\":[{\"@type\":\"ListItem\",\"position\":1,\"name\":\"Home\",\"item\":\"https:\/\/www.mokinba.it\/de\/\"},{\"@type\":\"ListItem\",\"position\":2,\"name\":\"Mokinba Hotels\"}]},{\"@type\":\"WebSite\",\"@id\":\"https:\/\/www.mokinba.it\/de\/#website\",\"url\":\"https:\/\/www.mokinba.it\/de\/\",\"name\":\"Mokinba Hotels\",\"description\":\"Just another ms.decms.eu site\",\"potentialAction\":[{\"@type\":\"SearchAction\",\"target\":{\"@type\":\"EntryPoint\",\"urlTemplate\":\"https:\/\/www.mokinba.it\/de\/?s={search_term_string}\"},\"query-input\":{\"@type\":\"PropertyValueSpecification\",\"valueRequired\":true,\"valueName\":\"search_term_string\"}}],\"inLanguage\":\"de-DE\"}]}<\/script>\n<!-- \/ Yoast SEO plugin. -->","yoast_head_json":{"title":"Hotel Mokinba - Ihr Hotel der Wahl im Herzen von Mailand","description":"&nbsp;  Mokinba Hotels ist eine italienische Hotelkette mit Hauptsitz in Mailand. Die Gruppe wurde im November 1990 als ein Projekt gegr\u00fcndet, das darauf abzielte, ein Mail\u00e4nder Hotelzentrum zu errichten, das auf einer soliden Gastgewerbekompetenz basiert.  Der Name setzt sich aus den Anfangssilben der ersten drei gegr\u00fcndeten Hotels zusammen: Montebianco, King und Baviera","robots":{"index":"index","follow":"follow","max-snippet":"max-snippet:-1","max-image-preview":"max-image-preview:large","max-video-preview":"max-video-preview:-1"},"canonical":"https:\/\/www.mokinba.it\/de\/","og_locale":"de_DE","og_type":"article","og_title":"Hotel Mokinba - Ihr Hotel der Wahl im Herzen von Mailand","og_description":"&nbsp;  Mokinba Hotels ist eine italienische Hotelkette mit Hauptsitz in Mailand. Die Gruppe wurde im November 1990 als ein Projekt gegr\u00fcndet, das darauf abzielte, ein Mail\u00e4nder Hotelzentrum zu errichten, das auf einer soliden Gastgewerbekompetenz basiert.  Der Name setzt sich aus den Anfangssilben der ersten drei gegr\u00fcndeten Hotels zusammen: Montebianco, King und Baviera","og_url":"https:\/\/www.mokinba.it\/de\/","og_site_name":"Mokinba Hotels","article_modified_time":"2022-08-02T13:32:59+00:00","og_image":[{"width":1200,"height":800,"url":"https:\/\/mokinba.ms.decms.eu\/wp-content\/uploads\/sites\/472\/2022\/07\/hotel_king_gruppo_mokinba_gallery26.jpg","type":"image\/jpeg"}],"twitter_card":"summary_large_image","twitter_misc":{"Gesch\u00e4tzte Lesezeit":"1 Minute"},"schema":{"@context":"https:\/\/schema.org","@graph":[{"@type":"WebPage","@id":"https:\/\/www.mokinba.it\/de\/","url":"https:\/\/www.mokinba.it\/de\/","name":"Hotel Mokinba - Ihr Hotel der Wahl im Herzen von Mailand","isPartOf":{"@id":"https:\/\/www.mokinba.it\/de\/#website"},"datePublished":"2022-07-12T15:20:18+00:00","dateModified":"2022-08-02T13:32:59+00:00","description":"&nbsp; Mokinba Hotels ist eine italienische Hotelkette mit Hauptsitz in Mailand. Die Gruppe wurde im November 1990 als ein Projekt gegr\u00fcndet, das darauf abzielte, ein Mail\u00e4nder Hotelzentrum zu errichten, das auf einer soliden Gastgewerbekompetenz basiert. Der Name setzt sich aus den Anfangssilben der ersten drei gegr\u00fcndeten Hotels zusammen: Montebianco, King und Baviera","breadcrumb":{"@id":"https:\/\/www.mokinba.it\/de\/#breadcrumb"},"inLanguage":"de-DE","potentialAction":[{"@type":"ReadAction","target":["https:\/\/www.mokinba.it\/de\/"]}]},{"@type":"BreadcrumbList","@id":"https:\/\/www.mokinba.it\/de\/#breadcrumb","itemListElement":[{"@type":"ListItem","position":1,"name":"Home","item":"https:\/\/www.mokinba.it\/de\/"},{"@type":"ListItem","position":2,"name":"Mokinba Hotels"}]},{"@type":"WebSite","@id":"https:\/\/www.mokinba.it\/de\/#website","url":"https:\/\/www.mokinba.it\/de\/","name":"Mokinba Hotels","description":"Just another ms.decms.eu site","potentialAction":[{"@type":"SearchAction","target":{"@type":"EntryPoint","urlTemplate":"https:\/\/www.mokinba.it\/de\/?s={search_term_string}"},"query-input":{"@type":"PropertyValueSpecification","valueRequired":true,"valueName":"search_term_string"}}],"inLanguage":"de-DE"}]}},"acf":[],"_links":{"self":[{"href":"https:\/\/www.mokinba.it\/de\/wp-json\/wp\/v2\/pages\/9","targetHints":{"allow":["GET"]}}],"collection":[{"href":"https:\/\/www.mokinba.it\/de\/wp-json\/wp\/v2\/pages"}],"about":[{"href":"https:\/\/www.mokinba.it\/de\/wp-json\/wp\/v2\/types\/page"}],"author":[{"embeddable":true,"href":"https:\/\/www.mokinba.it\/de\/wp-json\/wp\/v2\/users\/36"}],"replies":[{"embeddable":true,"href":"https:\/\/www.mokinba.it\/de\/wp-json\/wp\/v2\/comments?post=9"}],"version-history":[{"count":0,"href":"https:\/\/www.mokinba.it\/de\/wp-json\/wp\/v2\/pages\/9\/revisions"}],"wp:attachment":[{"href":"https:\/\/www.mokinba.it\/de\/wp-json\/wp\/v2\/media?parent=9"}],"curies":[{"name":"wp","href":"https:\/\/api.w.org\/{rel}","templated":true}]}}