{"id":8,"date":"2022-07-12T15:20:02","date_gmt":"2022-07-12T15:20:02","guid":{"rendered":"https:\/\/mokinba.ms.decms.eu\/?page_id=8"},"modified":"2022-08-02T13:33:09","modified_gmt":"2022-08-02T13:33:09","slug":"mokinba-hotels","status":"publish","type":"page","link":"https:\/\/www.mokinba.it\/fr\/","title":{"rendered":"Mokinba H\u00f4tels"},"content":{"rendered":"<p>&nbsp;<\/p>\n<p><strong>Mokinba Hotels<\/strong> est une cha\u00eene h\u00f4teli\u00e8re italienne dont le si\u00e8ge social est \u00e0 <strong>Milan<\/strong>. Le groupe a \u00e9t\u00e9 fond\u00e9 en novembre 1990, comme un projet visant \u00e0 \u00e9tablir un p\u00f4le h\u00f4telier milanais bas\u00e9 sur de solides comp\u00e9tences en mati\u00e8re d&rsquo;hospitalit\u00e9.<\/p>\n<p>Le nom combine les syllabes initiales des trois premiers h\u00f4tels \u00e9tablis : <strong>Montebianco<\/strong>, <strong>King<\/strong> et <strong>Baviera<\/strong>. D\u00e8s le d\u00e9but, Mokinba Hotels s&rsquo;est positionn\u00e9 sur le march\u00e9 comme un op\u00e9rateur de r\u00e9f\u00e9rence gr\u00e2ce \u00e0 une identit\u00e9 forte, d\u00e9finie par une activit\u00e9 de marketing et de communication soign\u00e9e et cur\u00e9e, qui pense l&rsquo;h\u00f4tel comme un lieu o\u00f9 offrir un large bouquet de services non seulement pour les clients qui y s\u00e9journent mais aussi pour les clients externes qui gravitent dans la r\u00e9gion.<\/p>\n","protected":false},"excerpt":{"rendered":"<p>&nbsp; Mokinba Hotels est une cha\u00eene h\u00f4teli\u00e8re italienne dont le si\u00e8ge social est \u00e0 Milan. Le groupe a \u00e9t\u00e9 fond\u00e9 en novembre 1990, comme un projet visant \u00e0 \u00e9tablir un p\u00f4le h\u00f4telier milanais bas\u00e9 sur de solides comp\u00e9tences en mati\u00e8re d&rsquo;hospitalit\u00e9. Le nom combine les syllabes initiales des trois premiers h\u00f4tels \u00e9tablis : Montebianco, King [&hellip;]<\/p>\n","protected":false},"author":36,"featured_media":0,"parent":0,"menu_order":0,"comment_status":"closed","ping_status":"closed","template":"","meta":{"footnotes":""},"class_list":["post-8","page","type-page","status-publish","hentry"],"yoast_head":"<!-- This site is optimized with the Yoast SEO plugin v26.9 - https:\/\/yoast.com\/product\/yoast-seo-wordpress\/ -->\n<title>H\u00f4tel Mokinba - Votre h\u00f4tel de choix au c\u0153ur de Milan<\/title>\n<meta name=\"description\" content=\"&nbsp;  Mokinba Hotels est une cha\u00eene h\u00f4teli\u00e8re italienne dont le si\u00e8ge social est \u00e0 Milan. Le groupe a \u00e9t\u00e9 fond\u00e9 en novembre 1990, comme un projet visant \u00e0 \u00e9tablir un p\u00f4le h\u00f4telier milanais bas\u00e9 sur de solides comp\u00e9tences en mati\u00e8re d&#039;hospitalit\u00e9.  Le nom combine les syllabes initiales des trois premiers h\u00f4tels \u00e9tablis : Montebianco, King et Baviera\" \/>\n<meta name=\"robots\" content=\"index, follow, max-snippet:-1, max-image-preview:large, max-video-preview:-1\" \/>\n<link rel=\"canonical\" href=\"https:\/\/www.mokinba.it\/fr\/\" \/>\n<meta property=\"og:locale\" content=\"fr_FR\" \/>\n<meta property=\"og:type\" content=\"article\" \/>\n<meta property=\"og:title\" content=\"H\u00f4tel Mokinba - Votre h\u00f4tel de choix au c\u0153ur de Milan\" \/>\n<meta property=\"og:description\" content=\"&nbsp;  Mokinba Hotels est une cha\u00eene h\u00f4teli\u00e8re italienne dont le si\u00e8ge social est \u00e0 Milan. Le groupe a \u00e9t\u00e9 fond\u00e9 en novembre 1990, comme un projet visant \u00e0 \u00e9tablir un p\u00f4le h\u00f4telier milanais bas\u00e9 sur de solides comp\u00e9tences en mati\u00e8re d&#039;hospitalit\u00e9.  Le nom combine les syllabes initiales des trois premiers h\u00f4tels \u00e9tablis : Montebianco, King et Baviera\" \/>\n<meta property=\"og:url\" content=\"https:\/\/www.mokinba.it\/fr\/\" \/>\n<meta property=\"og:site_name\" content=\"Mokinba Hotels\" \/>\n<meta property=\"article:modified_time\" content=\"2022-08-02T13:33:09+00:00\" \/>\n<meta property=\"og:image\" content=\"https:\/\/mokinba.ms.decms.eu\/wp-content\/uploads\/sites\/472\/2022\/07\/hotel_king_gruppo_mokinba_gallery26.jpg\" \/>\n\t<meta property=\"og:image:width\" content=\"1200\" \/>\n\t<meta property=\"og:image:height\" content=\"800\" \/>\n\t<meta property=\"og:image:type\" content=\"image\/jpeg\" \/>\n<meta name=\"twitter:card\" content=\"summary_large_image\" \/>\n<meta name=\"twitter:label1\" content=\"Dur\u00e9e de lecture estim\u00e9e\" \/>\n\t<meta name=\"twitter:data1\" content=\"1 minute\" \/>\n<script type=\"application\/ld+json\" class=\"yoast-schema-graph\">{\"@context\":\"https:\/\/schema.org\",\"@graph\":[{\"@type\":\"WebPage\",\"@id\":\"https:\/\/www.mokinba.it\/fr\/\",\"url\":\"https:\/\/www.mokinba.it\/fr\/\",\"name\":\"H\u00f4tel Mokinba - Votre h\u00f4tel de choix au c\u0153ur de Milan\",\"isPartOf\":{\"@id\":\"https:\/\/www.mokinba.it\/fr\/#website\"},\"datePublished\":\"2022-07-12T15:20:02+00:00\",\"dateModified\":\"2022-08-02T13:33:09+00:00\",\"description\":\"&nbsp; Mokinba Hotels est une cha\u00eene h\u00f4teli\u00e8re italienne dont le si\u00e8ge social est \u00e0 Milan. Le groupe a \u00e9t\u00e9 fond\u00e9 en novembre 1990, comme un projet visant \u00e0 \u00e9tablir un p\u00f4le h\u00f4telier milanais bas\u00e9 sur de solides comp\u00e9tences en mati\u00e8re d'hospitalit\u00e9. Le nom combine les syllabes initiales des trois premiers h\u00f4tels \u00e9tablis : Montebianco, King et Baviera\",\"breadcrumb\":{\"@id\":\"https:\/\/www.mokinba.it\/fr\/#breadcrumb\"},\"inLanguage\":\"fr-FR\",\"potentialAction\":[{\"@type\":\"ReadAction\",\"target\":[\"https:\/\/www.mokinba.it\/fr\/\"]}]},{\"@type\":\"BreadcrumbList\",\"@id\":\"https:\/\/www.mokinba.it\/fr\/#breadcrumb\",\"itemListElement\":[{\"@type\":\"ListItem\",\"position\":1,\"name\":\"Home\",\"item\":\"https:\/\/www.mokinba.it\/fr\/\"},{\"@type\":\"ListItem\",\"position\":2,\"name\":\"Mokinba H\u00f4tels\"}]},{\"@type\":\"WebSite\",\"@id\":\"https:\/\/www.mokinba.it\/fr\/#website\",\"url\":\"https:\/\/www.mokinba.it\/fr\/\",\"name\":\"Mokinba Hotels\",\"description\":\"Just another ms.decms.eu site\",\"potentialAction\":[{\"@type\":\"SearchAction\",\"target\":{\"@type\":\"EntryPoint\",\"urlTemplate\":\"https:\/\/www.mokinba.it\/fr\/?s={search_term_string}\"},\"query-input\":{\"@type\":\"PropertyValueSpecification\",\"valueRequired\":true,\"valueName\":\"search_term_string\"}}],\"inLanguage\":\"fr-FR\"}]}<\/script>\n<!-- \/ Yoast SEO plugin. -->","yoast_head_json":{"title":"H\u00f4tel Mokinba - Votre h\u00f4tel de choix au c\u0153ur de Milan","description":"&nbsp;  Mokinba Hotels est une cha\u00eene h\u00f4teli\u00e8re italienne dont le si\u00e8ge social est \u00e0 Milan. Le groupe a \u00e9t\u00e9 fond\u00e9 en novembre 1990, comme un projet visant \u00e0 \u00e9tablir un p\u00f4le h\u00f4telier milanais bas\u00e9 sur de solides comp\u00e9tences en mati\u00e8re d'hospitalit\u00e9.  Le nom combine les syllabes initiales des trois premiers h\u00f4tels \u00e9tablis : Montebianco, King et Baviera","robots":{"index":"index","follow":"follow","max-snippet":"max-snippet:-1","max-image-preview":"max-image-preview:large","max-video-preview":"max-video-preview:-1"},"canonical":"https:\/\/www.mokinba.it\/fr\/","og_locale":"fr_FR","og_type":"article","og_title":"H\u00f4tel Mokinba - Votre h\u00f4tel de choix au c\u0153ur de Milan","og_description":"&nbsp;  Mokinba Hotels est une cha\u00eene h\u00f4teli\u00e8re italienne dont le si\u00e8ge social est \u00e0 Milan. Le groupe a \u00e9t\u00e9 fond\u00e9 en novembre 1990, comme un projet visant \u00e0 \u00e9tablir un p\u00f4le h\u00f4telier milanais bas\u00e9 sur de solides comp\u00e9tences en mati\u00e8re d'hospitalit\u00e9.  Le nom combine les syllabes initiales des trois premiers h\u00f4tels \u00e9tablis : Montebianco, King et Baviera","og_url":"https:\/\/www.mokinba.it\/fr\/","og_site_name":"Mokinba Hotels","article_modified_time":"2022-08-02T13:33:09+00:00","og_image":[{"width":1200,"height":800,"url":"https:\/\/mokinba.ms.decms.eu\/wp-content\/uploads\/sites\/472\/2022\/07\/hotel_king_gruppo_mokinba_gallery26.jpg","type":"image\/jpeg"}],"twitter_card":"summary_large_image","twitter_misc":{"Dur\u00e9e de lecture estim\u00e9e":"1 minute"},"schema":{"@context":"https:\/\/schema.org","@graph":[{"@type":"WebPage","@id":"https:\/\/www.mokinba.it\/fr\/","url":"https:\/\/www.mokinba.it\/fr\/","name":"H\u00f4tel Mokinba - Votre h\u00f4tel de choix au c\u0153ur de Milan","isPartOf":{"@id":"https:\/\/www.mokinba.it\/fr\/#website"},"datePublished":"2022-07-12T15:20:02+00:00","dateModified":"2022-08-02T13:33:09+00:00","description":"&nbsp; Mokinba Hotels est une cha\u00eene h\u00f4teli\u00e8re italienne dont le si\u00e8ge social est \u00e0 Milan. Le groupe a \u00e9t\u00e9 fond\u00e9 en novembre 1990, comme un projet visant \u00e0 \u00e9tablir un p\u00f4le h\u00f4telier milanais bas\u00e9 sur de solides comp\u00e9tences en mati\u00e8re d'hospitalit\u00e9. Le nom combine les syllabes initiales des trois premiers h\u00f4tels \u00e9tablis : Montebianco, King et Baviera","breadcrumb":{"@id":"https:\/\/www.mokinba.it\/fr\/#breadcrumb"},"inLanguage":"fr-FR","potentialAction":[{"@type":"ReadAction","target":["https:\/\/www.mokinba.it\/fr\/"]}]},{"@type":"BreadcrumbList","@id":"https:\/\/www.mokinba.it\/fr\/#breadcrumb","itemListElement":[{"@type":"ListItem","position":1,"name":"Home","item":"https:\/\/www.mokinba.it\/fr\/"},{"@type":"ListItem","position":2,"name":"Mokinba H\u00f4tels"}]},{"@type":"WebSite","@id":"https:\/\/www.mokinba.it\/fr\/#website","url":"https:\/\/www.mokinba.it\/fr\/","name":"Mokinba Hotels","description":"Just another ms.decms.eu site","potentialAction":[{"@type":"SearchAction","target":{"@type":"EntryPoint","urlTemplate":"https:\/\/www.mokinba.it\/fr\/?s={search_term_string}"},"query-input":{"@type":"PropertyValueSpecification","valueRequired":true,"valueName":"search_term_string"}}],"inLanguage":"fr-FR"}]}},"acf":[],"_links":{"self":[{"href":"https:\/\/www.mokinba.it\/fr\/wp-json\/wp\/v2\/pages\/8","targetHints":{"allow":["GET"]}}],"collection":[{"href":"https:\/\/www.mokinba.it\/fr\/wp-json\/wp\/v2\/pages"}],"about":[{"href":"https:\/\/www.mokinba.it\/fr\/wp-json\/wp\/v2\/types\/page"}],"author":[{"embeddable":true,"href":"https:\/\/www.mokinba.it\/fr\/wp-json\/wp\/v2\/users\/36"}],"replies":[{"embeddable":true,"href":"https:\/\/www.mokinba.it\/fr\/wp-json\/wp\/v2\/comments?post=8"}],"version-history":[{"count":0,"href":"https:\/\/www.mokinba.it\/fr\/wp-json\/wp\/v2\/pages\/8\/revisions"}],"wp:attachment":[{"href":"https:\/\/www.mokinba.it\/fr\/wp-json\/wp\/v2\/media?parent=8"}],"curies":[{"name":"wp","href":"https:\/\/api.w.org\/{rel}","templated":true}]}}